{"id":6068,"date":"2024-07-08T03:57:44","date_gmt":"2024-07-08T03:57:44","guid":{"rendered":"https:\/\/bienalcartel.org\/ecos\/18bicm-ecos\/"},"modified":"2024-10-15T06:48:55","modified_gmt":"2024-10-15T06:48:55","slug":"18bicm-ecos","status":"publish","type":"page","link":"https:\/\/bienalcartel.org\/ecos\/18bicm-ecos\/?lang=en","title":{"rendered":"18BICM ECOS"},"content":{"rendered":"<div class=\"em em-view-container\" id=\"em-view-1479380275\" data-view=\"event\">\r\n\t<div class=\"em em-item em-item-single em-event em-event-single em-event-23 \" id=\"em-event-1479380275\" data-view-id=\"1479380275\">\r\n\t\t<div class=\"event-single_wrapper row\">\r\n        <div class=\"event-single_content wgl_col-3 calendar\">\r\n            <h6><i class=\"flaticon flaticon-calendar\"><\/i>DATE &amp; TIME:<\/h6>\r\n            <p style=\"padding-left: 29px\">octubre 24, 2024<\/br>\r\n            8:00 pm<\/p>\r\n        <\/div>\r\n        \r\n        <div class=\"event-single_content wgl_col-3 location\">\r\n            <h6><i class=\"flaticon flaticon-placeholder\"><\/i>LOCATION:<\/h6>\r\n            <p style=\"padding-left: 29px\"><a href=\"https:\/\/bienalcartel.org\/ecos\/locations\/casa-del-poeta-ramon-lopez-velarde\/\">Casa del Poeta, Ram\u00f3n L\u00f3pez Velarde<\/a><\/p>\r\n        <\/div>\r\n        \r\n        \r\n        \r\n        <div class=\"wgl_col-12 wgl_delimeter\"><\/div>\r\n    <\/div>\r\n    <section class=\"em-event-content\">\r\n        \t\t<div data-elementor-type=\"wp-post\" data-elementor-id=\"5145\" class=\"elementor elementor-5145\">\n\t\t\t\t<div class=\"elementor-element elementor-element-40cc29f e-flex e-con-boxed e-con e-parent\" data-id=\"40cc29f\" data-element_type=\"container\">\n\t\t\t\t\t<div class=\"e-con-inner\">\n\t\t\t\t<div class=\"elementor-element elementor-element-97fc72c elementor-widget elementor-widget-google_maps\" data-id=\"97fc72c\" data-element_type=\"widget\" data-widget_type=\"google_maps.default\">\n\t\t\t\t<div class=\"elementor-widget-container\">\n\t\t\t\t\t<div class=\"elementor-custom-embed\">\n\t\t\t<iframe loading=\"lazy\"\n\t\t\t\t\tsrc=\"https:\/\/maps.google.com\/maps?q=Av.%20%C3%81lvaro%20Obreg%C3%B3n%2073%2C%20Col.%20Roma%2C%20Cuauht%C3%A9moc%2C%20CDMX&#038;t=m&#038;z=15&#038;output=embed&#038;iwloc=near\"\n\t\t\t\t\ttitle=\"Av. \u00c1lvaro Obreg\u00f3n 73, Col. Roma, Cuauht\u00e9moc, CDMX\"\n\t\t\t\t\taria-label=\"Av. \u00c1lvaro Obreg\u00f3n 73, Col. Roma, Cuauht\u00e9moc, CDMX\"\n\t\t\t><\/iframe>\n\t\t<\/div>\n\t\t\t\t<\/div>\n\t\t\t\t<\/div>\n\t\t\t\t\t<\/div>\n\t\t\t\t<\/div>\n\t\t\t\t<\/div>\n\t\t\r\n    <\/section>\r\n    \t<\/div>\r\n<\/div>\r\n\t","protected":false},"excerpt":{"rendered":"<p>octubre 24, 2024 @ 8:00 pm &#8211; October 2024 23-24 y 29M\u00e9xico City 25-29Santiago de Quer\u00e9taro 18th BICM Creative Echoes Festival The best designers of the world bienalcartel.org From October 25 to 29, Quer\u00e9taro dresses up for the gala Sitio en espa\u00f1ol See program Follow the link belowI&#8217;m calling dibs! you can get your tickets nowThe Ecos Creative Festival at the International [&#8230;]<\/p>\n","protected":false},"author":1,"featured_media":0,"parent":0,"menu_order":0,"comment_status":"closed","ping_status":"closed","template":"","meta":{"_siteseo_robots_primary_cat":"","footnotes":""},"class_list":["post-6068","page","type-page","status-publish","hentry"],"jetpack_sharing_enabled":true,"_links":{"self":[{"href":"https:\/\/bienalcartel.org\/ecos\/wp-json\/wp\/v2\/pages\/6068"}],"collection":[{"href":"https:\/\/bienalcartel.org\/ecos\/wp-json\/wp\/v2\/pages"}],"about":[{"href":"https:\/\/bienalcartel.org\/ecos\/wp-json\/wp\/v2\/types\/page"}],"author":[{"embeddable":true,"href":"https:\/\/bienalcartel.org\/ecos\/wp-json\/wp\/v2\/users\/1"}],"replies":[{"embeddable":true,"href":"https:\/\/bienalcartel.org\/ecos\/wp-json\/wp\/v2\/comments?post=6068"}],"version-history":[{"count":96,"href":"https:\/\/bienalcartel.org\/ecos\/wp-json\/wp\/v2\/pages\/6068\/revisions"}],"predecessor-version":[{"id":6915,"href":"https:\/\/bienalcartel.org\/ecos\/wp-json\/wp\/v2\/pages\/6068\/revisions\/6915"}],"wp:attachment":[{"href":"https:\/\/bienalcartel.org\/ecos\/wp-json\/wp\/v2\/media?parent=6068"}],"curies":[{"name":"wp","href":"https:\/\/api.w.org\/{rel}","templated":true}]}}